{"id":1351,"date":"2024-10-23T12:52:56","date_gmt":"2024-10-23T12:52:56","guid":{"rendered":"https:\/\/guerilla-kueche.de\/?page_id=1351"},"modified":"2026-03-30T09:09:47","modified_gmt":"2026-03-30T09:09:47","slug":"mensa-e-v-r","status":"publish","type":"page","link":"https:\/\/guerilla-kueche.de\/?page_id=1351","title":{"rendered":"Mensa E.v.R."},"content":{"rendered":"\t\t<div data-elementor-type=\"wp-page\" data-elementor-id=\"1351\" class=\"elementor elementor-1351\" data-elementor-post-type=\"page\">\n\t\t\t\t<div class=\"elementor-element elementor-element-5d1d744 e-flex e-con-boxed e-con e-parent\" data-id=\"5d1d744\" data-element_type=\"container\" data-e-type=\"container\">\n\t\t\t\t\t<div class=\"e-con-inner\">\n\t\t<div class=\"elementor-element elementor-element-561aa5c e-con-full e-flex e-con e-child\" data-id=\"561aa5c\" data-element_type=\"container\" data-e-type=\"container\">\n\t\t\t\t<div class=\"elementor-element elementor-element-1a9e49b elementor-widget elementor-widget-spacer\" data-id=\"1a9e49b\" data-element_type=\"widget\" data-e-type=\"widget\" data-widget_type=\"spacer.default\">\n\t\t\t\t<div class=\"elementor-widget-container\">\n\t\t\t\t\t\t\t<div class=\"elementor-spacer\">\n\t\t\t<div class=\"elementor-spacer-inner\"><\/div>\n\t\t<\/div>\n\t\t\t\t\t\t<\/div>\n\t\t\t\t<\/div>\n\t\t\t\t<div class=\"elementor-element elementor-element-a2719cd elementor-hidden-mobile elementor-widget elementor-widget-html\" data-id=\"a2719cd\" data-element_type=\"widget\" data-e-type=\"widget\" data-widget_type=\"html.default\">\n\t\t\t\t<div class=\"elementor-widget-container\">\n\t\t\t\t\t<div style=\"font-size: 75px; line-height: 0.8; color: #ffffff; font-family: Abril Fatface; text-align: center; opacity: 0; animation: fadeIn 0.8s ease-out forwards;\">\n  Mensa im  \n  <span style=\"position: relative; display: inline-block; white-space: nowrap;\">\n    <span style=\"position: relative; z-index: 2;\">E.v.R.<\/span>\n    <svg style=\"position: absolute; bottom: -15px; left: -10%; width: 115%; height: 20px; z-index: 0; pointer-events: none;\" viewBox=\"0 0 200 30\" preserveAspectRatio=\"none\">\n      <defs>\n        <filter id=\"brushTextureEvR\">\n          <feTurbulence type=\"fractalNoise\" baseFrequency=\"3\" numOctaves=\"4\" seed=\"5\"\/>\n          <feDisplacementMap in=\"SourceGraphic\" scale=\"2\"\/>\n        <\/filter>\n      <\/defs>\n      <style>\n        @keyframes fadeIn {\n          to { opacity: 1; }\n        }\n        .zigzag-stroke-evr {\n          stroke-dasharray: 650;\n          stroke-dashoffset: 650;\n          animation: drawZigzagEvR 0.35s ease-out 1.2s forwards;\n        }\n        @keyframes drawZigzagEvR {\n          to { stroke-dashoffset: 0; }\n        }\n      <\/style>\n      <path class=\"zigzag-stroke-evr\"\n            d=\"M 0,6 Q 50,5 100,6 T 195,8 Q 140,14 90,15 T 40,20 Q 90,23 140,24 T 195,26\"\n            fill=\"none\"\n            stroke=\"#ce1824\"\n            stroke-width=\"7\"\n            stroke-linecap=\"round\"\n            opacity=\"0.95\"\n            filter=\"url(#brushTextureEvR)\"\/>\n    <\/svg>\n  <\/span>\n  Viersen\n<\/div>\t\t\t\t<\/div>\n\t\t\t\t<\/div>\n\t\t\t\t<div class=\"elementor-element elementor-element-40058c5 elementor-hidden-desktop elementor-hidden-tablet elementor-widget elementor-widget-html\" data-id=\"40058c5\" data-element_type=\"widget\" data-e-type=\"widget\" data-widget_type=\"html.default\">\n\t\t\t\t<div class=\"elementor-widget-container\">\n\t\t\t\t\t<div style=\"font-size: 45px; line-height: 0.8; color: #ffffff; font-family: Abril Fatface; text-align: center; opacity: 0; animation: fadeIn 0.8s ease-out forwards;\">\n  Mensa im  \n  <span style=\"position: relative; display: inline-block; white-space: nowrap;\">\n    <span style=\"position: relative; z-index: 2;\">E.v.R.<\/span>\n    <svg style=\"position: absolute; bottom: -15px; left: -10%; width: 115%; height: 20px; z-index: 0; pointer-events: none;\" viewBox=\"0 0 200 30\" preserveAspectRatio=\"none\">\n      <defs>\n        <filter id=\"brushTextureEvR\">\n          <feTurbulence type=\"fractalNoise\" baseFrequency=\"3\" numOctaves=\"4\" seed=\"5\"\/>\n          <feDisplacementMap in=\"SourceGraphic\" scale=\"2\"\/>\n        <\/filter>\n      <\/defs>\n      <style>\n        @keyframes fadeIn {\n          to { opacity: 1; }\n        }\n        .zigzag-stroke-evr {\n          stroke-dasharray: 650;\n          stroke-dashoffset: 650;\n          animation: drawZigzagEvR 0.35s ease-out 1.2s forwards;\n        }\n        @keyframes drawZigzagEvR {\n          to { stroke-dashoffset: 0; }\n        }\n      <\/style>\n      <path class=\"zigzag-stroke-evr\"\n            d=\"M 0,6 Q 50,5 100,6 T 195,8 Q 140,14 90,15 T 40,20 Q 90,23 140,24 T 195,26\"\n            fill=\"none\"\n            stroke=\"#ce1824\"\n            stroke-width=\"7\"\n            stroke-linecap=\"round\"\n            opacity=\"0.95\"\n            filter=\"url(#brushTextureEvR)\"\/>\n    <\/svg>\n  <\/span>\n  Viersen\n<\/div>\t\t\t\t<\/div>\n\t\t\t\t<\/div>\n\t\t\t\t<div class=\"elementor-element elementor-element-f949f97 elementor-widget elementor-widget-spacer\" data-id=\"f949f97\" data-element_type=\"widget\" data-e-type=\"widget\" data-widget_type=\"spacer.default\">\n\t\t\t\t<div class=\"elementor-widget-container\">\n\t\t\t\t\t\t\t<div class=\"elementor-spacer\">\n\t\t\t<div class=\"elementor-spacer-inner\"><\/div>\n\t\t<\/div>\n\t\t\t\t\t\t<\/div>\n\t\t\t\t<\/div>\n\t\t\t\t<div class=\"elementor-element elementor-element-2db58b6 elementor-widget elementor-widget-text-editor\" data-id=\"2db58b6\" data-element_type=\"widget\" data-e-type=\"widget\" data-widget_type=\"text-editor.default\">\n\t\t\t\t<div class=\"elementor-widget-container\">\n\t\t\t\t\t\t\t\t\t<p>Wir sind stolz darauf, dass wir seit Anfang des Schuljahres 24\/25 die Mensa des Erasmus-von-Rotterdam Gymnasiums in Viersen als Caterer betreiben d\u00fcrfen. Hier sorgen wir daf\u00fcr, dass die Sch\u00fclerinnen und Sch\u00fcler t\u00e4glich eine abwechslungsreiche, gesunde und schmackhafte Auswahl an Gerichten genie\u00dfen k\u00f6nnen. Wir legen gro\u00dfen Wert darauf, gute Zutaten zu verwenden und auf die Bed\u00fcrfnisse der Kinder und Jugendlichen einzugehen, um ihnen eine ausgewogene Ern\u00e4hrung im Schulalltag zu erm\u00f6glichen.<\/p>\t\t\t\t\t\t\t\t<\/div>\n\t\t\t\t<\/div>\n\t\t\t\t<div class=\"elementor-element elementor-element-4b1130a elementor-widget elementor-widget-spacer\" data-id=\"4b1130a\" data-element_type=\"widget\" data-e-type=\"widget\" data-widget_type=\"spacer.default\">\n\t\t\t\t<div class=\"elementor-widget-container\">\n\t\t\t\t\t\t\t<div class=\"elementor-spacer\">\n\t\t\t<div class=\"elementor-spacer-inner\"><\/div>\n\t\t<\/div>\n\t\t\t\t\t\t<\/div>\n\t\t\t\t<\/div>\n\t\t\t\t<div class=\"elementor-element elementor-element-8b1114d elementor-widget elementor-widget-html\" data-id=\"8b1114d\" data-element_type=\"widget\" data-e-type=\"widget\" data-widget_type=\"html.default\">\n\t\t\t\t<div class=\"elementor-widget-container\">\n\t\t\t\t\t<iframe width=\"560\" height=\"650\" src=\"https:\/\/www.youtube.com\/embed\/ZtHEca1wKeU?si=qzOhsCk4oJ5aaUbB\" title=\"YouTube video player\" frameborder=\"0\" allow=\"accelerometer; autoplay; clipboard-write; encrypted-media; gyroscope; picture-in-picture; web-share\" referrerpolicy=\"strict-origin-when-cross-origin\" allowfullscreen><\/iframe>\t\t\t\t<\/div>\n\t\t\t\t<\/div>\n\t\t\t\t<div class=\"elementor-element elementor-element-608cb23 elementor-widget elementor-widget-spacer\" data-id=\"608cb23\" data-element_type=\"widget\" data-e-type=\"widget\" data-widget_type=\"spacer.default\">\n\t\t\t\t<div class=\"elementor-widget-container\">\n\t\t\t\t\t\t\t<div class=\"elementor-spacer\">\n\t\t\t<div class=\"elementor-spacer-inner\"><\/div>\n\t\t<\/div>\n\t\t\t\t\t\t<\/div>\n\t\t\t\t<\/div>\n\t\t\t\t<div class=\"elementor-element elementor-element-259792d elementor-arrows-position-inside elementor-pagination-position-outside elementor-widget elementor-widget-image-carousel\" data-id=\"259792d\" data-element_type=\"widget\" data-e-type=\"widget\" data-settings=\"{&quot;slides_to_show&quot;:&quot;4&quot;,&quot;slides_to_scroll&quot;:&quot;4&quot;,&quot;slides_to_show_mobile&quot;:&quot;2&quot;,&quot;slides_to_scroll_mobile&quot;:&quot;2&quot;,&quot;navigation&quot;:&quot;both&quot;,&quot;autoplay&quot;:&quot;yes&quot;,&quot;pause_on_hover&quot;:&quot;yes&quot;,&quot;pause_on_interaction&quot;:&quot;yes&quot;,&quot;autoplay_speed&quot;:5000,&quot;infinite&quot;:&quot;yes&quot;,&quot;speed&quot;:500}\" data-widget_type=\"image-carousel.default\">\n\t\t\t\t<div class=\"elementor-widget-container\">\n\t\t\t\t\t\t\t<div class=\"elementor-image-carousel-wrapper swiper\" role=\"region\" aria-roledescription=\"carousel\" aria-label=\"Bild Karussell\" dir=\"ltr\">\n\t\t\t<div class=\"elementor-image-carousel swiper-wrapper swiper-image-stretch\" aria-live=\"off\">\n\t\t\t\t\t\t\t\t<div class=\"swiper-slide\" role=\"group\" aria-roledescription=\"slide\" aria-label=\"1 von 12\"><figure class=\"swiper-slide-inner\"><img decoding=\"async\" class=\"swiper-slide-image\" src=\"https:\/\/guerilla-kueche.de\/wp-content\/uploads\/2024\/12\/MOM01014-1024x1024.jpg\" alt=\"MOM01014\" \/><\/figure><\/div><div class=\"swiper-slide\" role=\"group\" aria-roledescription=\"slide\" aria-label=\"2 von 12\"><figure class=\"swiper-slide-inner\"><img decoding=\"async\" class=\"swiper-slide-image\" src=\"https:\/\/guerilla-kueche.de\/wp-content\/uploads\/2024\/12\/MOM01092-1024x1024.jpg\" alt=\"MOM01092\" \/><\/figure><\/div><div class=\"swiper-slide\" role=\"group\" aria-roledescription=\"slide\" aria-label=\"3 von 12\"><figure class=\"swiper-slide-inner\"><img decoding=\"async\" class=\"swiper-slide-image\" src=\"https:\/\/guerilla-kueche.de\/wp-content\/uploads\/2024\/12\/MOM01085-1024x1024.jpg\" alt=\"MOM01085\" \/><\/figure><\/div><div class=\"swiper-slide\" role=\"group\" aria-roledescription=\"slide\" aria-label=\"4 von 12\"><figure class=\"swiper-slide-inner\"><img decoding=\"async\" class=\"swiper-slide-image\" src=\"https:\/\/guerilla-kueche.de\/wp-content\/uploads\/2024\/12\/MOM01058-1024x1024.jpg\" alt=\"MOM01058\" \/><\/figure><\/div><div class=\"swiper-slide\" role=\"group\" aria-roledescription=\"slide\" aria-label=\"5 von 12\"><figure class=\"swiper-slide-inner\"><img decoding=\"async\" class=\"swiper-slide-image\" src=\"https:\/\/guerilla-kueche.de\/wp-content\/uploads\/2024\/12\/MOM01083-1024x1024.jpg\" alt=\"MOM01083\" \/><\/figure><\/div><div class=\"swiper-slide\" role=\"group\" aria-roledescription=\"slide\" aria-label=\"6 von 12\"><figure class=\"swiper-slide-inner\"><img decoding=\"async\" class=\"swiper-slide-image\" src=\"https:\/\/guerilla-kueche.de\/wp-content\/uploads\/2024\/12\/MOM01080-1024x1024.jpg\" alt=\"MOM01080\" \/><\/figure><\/div><div class=\"swiper-slide\" role=\"group\" aria-roledescription=\"slide\" aria-label=\"7 von 12\"><figure class=\"swiper-slide-inner\"><img decoding=\"async\" class=\"swiper-slide-image\" src=\"https:\/\/guerilla-kueche.de\/wp-content\/uploads\/2024\/12\/MOM01078-1024x1024.jpg\" alt=\"MOM01078\" \/><\/figure><\/div><div class=\"swiper-slide\" role=\"group\" aria-roledescription=\"slide\" aria-label=\"8 von 12\"><figure class=\"swiper-slide-inner\"><img decoding=\"async\" class=\"swiper-slide-image\" src=\"https:\/\/guerilla-kueche.de\/wp-content\/uploads\/2024\/12\/MOM01077-1024x1024.jpg\" alt=\"MOM01077\" \/><\/figure><\/div><div class=\"swiper-slide\" role=\"group\" aria-roledescription=\"slide\" aria-label=\"9 von 12\"><figure class=\"swiper-slide-inner\"><img decoding=\"async\" class=\"swiper-slide-image\" src=\"https:\/\/guerilla-kueche.de\/wp-content\/uploads\/2024\/12\/MOM01076-1024x1024.jpg\" alt=\"MOM01076\" \/><\/figure><\/div><div class=\"swiper-slide\" role=\"group\" aria-roledescription=\"slide\" aria-label=\"10 von 12\"><figure class=\"swiper-slide-inner\"><img decoding=\"async\" class=\"swiper-slide-image\" src=\"https:\/\/guerilla-kueche.de\/wp-content\/uploads\/2024\/12\/MOM01012-1024x1024.jpg\" alt=\"MOM01012\" \/><\/figure><\/div><div class=\"swiper-slide\" role=\"group\" aria-roledescription=\"slide\" aria-label=\"11 von 12\"><figure class=\"swiper-slide-inner\"><img decoding=\"async\" class=\"swiper-slide-image\" src=\"https:\/\/guerilla-kueche.de\/wp-content\/uploads\/2024\/12\/MOM01062-1024x1024.jpg\" alt=\"MOM01062\" \/><\/figure><\/div><div class=\"swiper-slide\" role=\"group\" aria-roledescription=\"slide\" aria-label=\"12 von 12\"><figure class=\"swiper-slide-inner\"><img decoding=\"async\" class=\"swiper-slide-image\" src=\"https:\/\/guerilla-kueche.de\/wp-content\/uploads\/2024\/12\/MOM01011-1024x1024.jpg\" alt=\"MOM01011\" \/><\/figure><\/div>\t\t\t<\/div>\n\t\t\t\t\t\t\t\t\t\t\t\t<div class=\"elementor-swiper-button elementor-swiper-button-prev\" role=\"button\" tabindex=\"0\">\n\t\t\t\t\t\t<i aria-hidden=\"true\" class=\"eicon-chevron-left\"><\/i>\t\t\t\t\t<\/div>\n\t\t\t\t\t<div class=\"elementor-swiper-button elementor-swiper-button-next\" role=\"button\" tabindex=\"0\">\n\t\t\t\t\t\t<i aria-hidden=\"true\" class=\"eicon-chevron-right\"><\/i>\t\t\t\t\t<\/div>\n\t\t\t\t\n\t\t\t\t\t\t\t\t\t<div class=\"swiper-pagination\"><\/div>\n\t\t\t\t\t\t\t\t\t<\/div>\n\t\t\t\t\t\t<\/div>\n\t\t\t\t<\/div>\n\t\t\t\t<\/div>\n\t\t\t\t\t<\/div>\n\t\t\t\t<\/div>\n\t\t\t\t<section class=\"elementor-section elementor-top-section elementor-element elementor-element-8c45c1a elementor-section-boxed elementor-section-height-default elementor-section-height-default\" data-id=\"8c45c1a\" data-element_type=\"section\" data-e-type=\"section\">\n\t\t\t\t\t\t<div class=\"elementor-container elementor-column-gap-default\">\n\t\t\t\t\t<div class=\"elementor-column elementor-col-100 elementor-top-column elementor-element elementor-element-83f94fd\" data-id=\"83f94fd\" data-element_type=\"column\" data-e-type=\"column\">\n\t\t\t<div class=\"elementor-widget-wrap elementor-element-populated\">\n\t\t\t\t\t\t<div class=\"elementor-element elementor-element-a4b08fb elementor-widget elementor-widget-spacer\" data-id=\"a4b08fb\" data-element_type=\"widget\" data-e-type=\"widget\" data-widget_type=\"spacer.default\">\n\t\t\t\t<div class=\"elementor-widget-container\">\n\t\t\t\t\t\t\t<div class=\"elementor-spacer\">\n\t\t\t<div class=\"elementor-spacer-inner\"><\/div>\n\t\t<\/div>\n\t\t\t\t\t\t<\/div>\n\t\t\t\t<\/div>\n\t\t\t\t\t<\/div>\n\t\t<\/div>\n\t\t\t\t\t<\/div>\n\t\t<\/section>\n\t\t<div class=\"elementor-element elementor-element-9cf5cd7 e-flex e-con-boxed e-con e-parent\" data-id=\"9cf5cd7\" data-element_type=\"container\" data-e-type=\"container\">\n\t\t\t\t\t<div class=\"e-con-inner\">\n\t\t\t\t<div class=\"elementor-element elementor-element-1e308a2 elementor-widget elementor-widget-heading\" data-id=\"1e308a2\" data-element_type=\"widget\" data-e-type=\"widget\" data-widget_type=\"heading.default\">\n\t\t\t\t<div class=\"elementor-widget-container\">\n\t\t\t\t\t<h2 class=\"elementor-heading-title elementor-size-default\">School's Out Party<\/h2>\t\t\t\t<\/div>\n\t\t\t\t<\/div>\n\t\t\t\t<div class=\"elementor-element elementor-element-1c5e4a5 elementor-widget elementor-widget-text-editor\" data-id=\"1c5e4a5\" data-element_type=\"widget\" data-e-type=\"widget\" data-widget_type=\"text-editor.default\">\n\t\t\t\t<div class=\"elementor-widget-container\">\n\t\t\t\t\t\t\t\t\t<p>Direkt vor der Mensa des Erasmus-von-Rotterdam Gymnasiums haben wir mit unserer Guerilla K\u00fcche den Ferienbeginn ordentlich eingel\u00e4utet \u2013 Foodtruck, Beats und beste Stimmung inklusive.&nbsp;Es gab Burger, Loaded Potatoes, Popcorn und Fruchtspie\u00dfen mit Schoko\u00fcberzug. Dazu noch alkoholfreie Cocktails mit Aloha-Kette und eiskaltes Slush Eis. So k\u00f6nnen die Ferien doch beginnen.<\/p>\t\t\t\t\t\t\t\t<\/div>\n\t\t\t\t<\/div>\n\t\t\t\t<div class=\"elementor-element elementor-element-c0192f3 elementor-widget elementor-widget-video\" data-id=\"c0192f3\" data-element_type=\"widget\" data-e-type=\"widget\" data-settings=\"{&quot;video_type&quot;:&quot;hosted&quot;,&quot;mute&quot;:&quot;yes&quot;,&quot;loop&quot;:&quot;yes&quot;,&quot;controls&quot;:&quot;yes&quot;}\" data-widget_type=\"video.default\">\n\t\t\t\t<div class=\"elementor-widget-container\">\n\t\t\t\t\t\t\t<div class=\"e-hosted-video elementor-wrapper elementor-open-inline\">\n\t\t\t\t\t<video class=\"elementor-video\" src=\"https:\/\/guerilla-kueche.de\/wp-content\/uploads\/2026\/03\/schools-out-26-quer.mp4\" loop=\"\" controls=\"\" preload=\"metadata\" muted=\"muted\" controlsList=\"nodownload\" poster=\"https:\/\/guerilla-kueche.de\/wp-content\/uploads\/2026\/03\/IMG_0051.jpg\"><\/video>\n\t\t\t\t<\/div>\n\t\t\t\t\t\t<\/div>\n\t\t\t\t<\/div>\n\t\t\t\t<div class=\"elementor-element elementor-element-34dde62 elementor-arrows-position-inside elementor-pagination-position-outside elementor-widget elementor-widget-image-carousel\" data-id=\"34dde62\" data-element_type=\"widget\" data-e-type=\"widget\" data-settings=\"{&quot;slides_to_show&quot;:&quot;5&quot;,&quot;navigation&quot;:&quot;both&quot;,&quot;autoplay&quot;:&quot;yes&quot;,&quot;pause_on_hover&quot;:&quot;yes&quot;,&quot;pause_on_interaction&quot;:&quot;yes&quot;,&quot;autoplay_speed&quot;:5000,&quot;infinite&quot;:&quot;yes&quot;,&quot;speed&quot;:500}\" data-widget_type=\"image-carousel.default\">\n\t\t\t\t<div class=\"elementor-widget-container\">\n\t\t\t\t\t\t\t<div class=\"elementor-image-carousel-wrapper swiper\" role=\"region\" aria-roledescription=\"carousel\" aria-label=\"Bild Karussell\" dir=\"ltr\">\n\t\t\t<div class=\"elementor-image-carousel swiper-wrapper swiper-image-stretch\" aria-live=\"off\">\n\t\t\t\t\t\t\t\t<div class=\"swiper-slide\" role=\"group\" aria-roledescription=\"slide\" aria-label=\"1 von 5\"><figure class=\"swiper-slide-inner\"><img decoding=\"async\" class=\"swiper-slide-image\" src=\"https:\/\/guerilla-kueche.de\/wp-content\/uploads\/2026\/02\/Schools-Out-Party-1.jpg\" alt=\"Schools Out Party-1\" \/><\/figure><\/div><div class=\"swiper-slide\" role=\"group\" aria-roledescription=\"slide\" aria-label=\"2 von 5\"><figure class=\"swiper-slide-inner\"><img decoding=\"async\" class=\"swiper-slide-image\" src=\"https:\/\/guerilla-kueche.de\/wp-content\/uploads\/2026\/02\/SchoolsOut-2.jpg\" alt=\"SchoolsOut-2\" \/><\/figure><\/div><div class=\"swiper-slide\" role=\"group\" aria-roledescription=\"slide\" aria-label=\"3 von 5\"><figure class=\"swiper-slide-inner\"><img decoding=\"async\" class=\"swiper-slide-image\" src=\"https:\/\/guerilla-kueche.de\/wp-content\/uploads\/2026\/02\/SchoolsOut-5.jpg\" alt=\"SchoolsOut-5\" \/><\/figure><\/div><div class=\"swiper-slide\" role=\"group\" aria-roledescription=\"slide\" aria-label=\"4 von 5\"><figure class=\"swiper-slide-inner\"><img decoding=\"async\" class=\"swiper-slide-image\" src=\"https:\/\/guerilla-kueche.de\/wp-content\/uploads\/2026\/02\/SchoolsOut-1.jpg\" alt=\"SchoolsOut\" \/><\/figure><\/div><div class=\"swiper-slide\" role=\"group\" aria-roledescription=\"slide\" aria-label=\"5 von 5\"><figure class=\"swiper-slide-inner\"><img decoding=\"async\" class=\"swiper-slide-image\" src=\"https:\/\/guerilla-kueche.de\/wp-content\/uploads\/2026\/01\/IMG_0298-2.jpg\" alt=\"IMG_0298-2\" \/><\/figure><\/div>\t\t\t<\/div>\n\t\t\t\t\t\t\t\t\t\t\t\t<div class=\"elementor-swiper-button elementor-swiper-button-prev\" role=\"button\" tabindex=\"0\">\n\t\t\t\t\t\t<i aria-hidden=\"true\" class=\"eicon-chevron-left\"><\/i>\t\t\t\t\t<\/div>\n\t\t\t\t\t<div class=\"elementor-swiper-button elementor-swiper-button-next\" role=\"button\" tabindex=\"0\">\n\t\t\t\t\t\t<i aria-hidden=\"true\" class=\"eicon-chevron-right\"><\/i>\t\t\t\t\t<\/div>\n\t\t\t\t\n\t\t\t\t\t\t\t\t\t<div class=\"swiper-pagination\"><\/div>\n\t\t\t\t\t\t\t\t\t<\/div>\n\t\t\t\t\t\t<\/div>\n\t\t\t\t<\/div>\n\t\t\t\t<div class=\"elementor-element elementor-element-bdd01b5 elementor-widget elementor-widget-spacer\" data-id=\"bdd01b5\" data-element_type=\"widget\" data-e-type=\"widget\" data-widget_type=\"spacer.default\">\n\t\t\t\t<div class=\"elementor-widget-container\">\n\t\t\t\t\t\t\t<div class=\"elementor-spacer\">\n\t\t\t<div class=\"elementor-spacer-inner\"><\/div>\n\t\t<\/div>\n\t\t\t\t\t\t<\/div>\n\t\t\t\t<\/div>\n\t\t\t\t\t<\/div>\n\t\t\t\t<\/div>\n\t\t\t\t<\/div>\n\t\t","protected":false},"excerpt":{"rendered":"<p>Mensa im E.v.R. Viersen Mensa im E.v.R. Viersen Wir sind stolz darauf, dass wir seit Anfang des Schuljahres 24\/25 die Mensa des Erasmus-von-Rotterdam Gymnasiums in Viersen als Caterer betreiben d\u00fcrfen. Hier sorgen wir daf\u00fcr, dass die Sch\u00fclerinnen und Sch\u00fcler t\u00e4glich eine abwechslungsreiche, gesunde und schmackhafte Auswahl an Gerichten genie\u00dfen k\u00f6nnen. Wir legen gro\u00dfen Wert darauf,&hellip; <a class=\"more-link\" href=\"https:\/\/guerilla-kueche.de\/?page_id=1351\"><span class=\"screen-reader-text\">Mensa E.v.R.<\/span> weiterlesen<\/a><\/p>\n","protected":false},"author":2,"featured_media":0,"parent":0,"menu_order":0,"comment_status":"closed","ping_status":"closed","template":"elementor_header_footer","meta":{"footnotes":""},"class_list":["post-1351","page","type-page","status-publish","hentry","entry"],"jetpack_sharing_enabled":true,"_links":{"self":[{"href":"https:\/\/guerilla-kueche.de\/index.php?rest_route=\/wp\/v2\/pages\/1351","targetHints":{"allow":["GET"]}}],"collection":[{"href":"https:\/\/guerilla-kueche.de\/index.php?rest_route=\/wp\/v2\/pages"}],"about":[{"href":"https:\/\/guerilla-kueche.de\/index.php?rest_route=\/wp\/v2\/types\/page"}],"author":[{"embeddable":true,"href":"https:\/\/guerilla-kueche.de\/index.php?rest_route=\/wp\/v2\/users\/2"}],"replies":[{"embeddable":true,"href":"https:\/\/guerilla-kueche.de\/index.php?rest_route=%2Fwp%2Fv2%2Fcomments&post=1351"}],"version-history":[{"count":3,"href":"https:\/\/guerilla-kueche.de\/index.php?rest_route=\/wp\/v2\/pages\/1351\/revisions"}],"predecessor-version":[{"id":2484,"href":"https:\/\/guerilla-kueche.de\/index.php?rest_route=\/wp\/v2\/pages\/1351\/revisions\/2484"}],"wp:attachment":[{"href":"https:\/\/guerilla-kueche.de\/index.php?rest_route=%2Fwp%2Fv2%2Fmedia&parent=1351"}],"curies":[{"name":"wp","href":"https:\/\/api.w.org\/{rel}","templated":true}]}}