{"id":2180,"date":"2026-02-05T07:53:18","date_gmt":"2026-02-05T07:53:18","guid":{"rendered":"https:\/\/guerilla-kueche.de\/?page_id=2180"},"modified":"2026-03-09T13:47:38","modified_gmt":"2026-03-09T13:47:38","slug":"koch-koechin","status":"publish","type":"page","link":"https:\/\/guerilla-kueche.de\/?page_id=2180","title":{"rendered":"Koch\/ K\u00f6chin"},"content":{"rendered":"\t\t<div data-elementor-type=\"wp-page\" data-elementor-id=\"2180\" class=\"elementor elementor-2180\" data-elementor-post-type=\"page\">\n\t\t\t\t<div class=\"elementor-element elementor-element-8d38b3f e-flex e-con-boxed e-con e-parent\" data-id=\"8d38b3f\" data-element_type=\"container\" data-e-type=\"container\">\n\t\t\t\t\t<div class=\"e-con-inner\">\n\t\t\t\t<div class=\"elementor-element elementor-element-aa42e99 elementor-widget elementor-widget-spacer\" data-id=\"aa42e99\" data-element_type=\"widget\" data-e-type=\"widget\" data-widget_type=\"spacer.default\">\n\t\t\t\t<div class=\"elementor-widget-container\">\n\t\t\t\t\t\t\t<div class=\"elementor-spacer\">\n\t\t\t<div class=\"elementor-spacer-inner\"><\/div>\n\t\t<\/div>\n\t\t\t\t\t\t<\/div>\n\t\t\t\t<\/div>\n\t\t\t\t\t<\/div>\n\t\t\t\t<\/div>\n\t\t<div class=\"elementor-element elementor-element-a30577b e-flex e-con-boxed e-con e-parent\" data-id=\"a30577b\" data-element_type=\"container\" data-e-type=\"container\">\n\t\t\t\t\t<div class=\"e-con-inner\">\n\t\t\t\t<div class=\"elementor-element elementor-element-1b9344e elementor-hidden-mobile elementor-widget elementor-widget-html\" data-id=\"1b9344e\" data-element_type=\"widget\" data-e-type=\"widget\" data-widget_type=\"html.default\">\n\t\t\t\t<div class=\"elementor-widget-container\">\n\t\t\t\t\t<div style=\"font-size: 75px; line-height: 0.8; color: #ffffff; font-family: Abril Fatface; text-align: center; opacity: 0; animation: fadeIn 0.8s ease-out forwards;\">\n\n  <span style=\"position: relative; display: inline-block; white-space: nowrap;\">\n    <!-- NUR dieser Teil wird \"unterstrichen\" -->\n    <span style=\"position: relative; z-index: 2;\">Koch\/ K\u00f6chin<\/span>\n\n    <svg style=\"position: absolute; bottom: -15px; left: -10%; width: 115%; height: 20px; z-index: 0; pointer-events: none;\" viewBox=\"0 0 200 30\" preserveAspectRatio=\"none\">\n      <defs>\n        <filter id=\"brushTextureAnna\">\n          <feTurbulence type=\"fractalNoise\" baseFrequency=\"3\" numOctaves=\"4\" seed=\"5\"\/>\n          <feDisplacementMap in=\"SourceGraphic\" scale=\"2\"\/>\n        <\/filter>\n      <\/defs>\n      <style>\n        @keyframes fadeIn { to { opacity: 1; } }\n        .zigzag-stroke-anna {\n          stroke-dasharray: 650;\n          stroke-dashoffset: 650;\n          animation: drawZigzagAnna 0.35s ease-out 1.2s forwards;\n        }\n        @keyframes drawZigzagAnna { to { stroke-dashoffset: 0; } }\n      <\/style>\n      <path class=\"zigzag-stroke-anna\"\n            d=\"M 0,6 Q 50,5 100,6 T 195,8 Q 140,14 90,15 T 40,20 Q 90,23 140,24 T 195,26\"\n            fill=\"none\"\n            stroke=\"#ce1824\"\n            stroke-width=\"7\"\n            stroke-linecap=\"round\"\n            opacity=\"0.95\"\n            filter=\"url(#brushTextureAnna)\"\/>\n    <\/svg>\n  <\/span>\n  <span style=\"text-decoration: none;\"> (m\/w\/d)<\/span>\n<\/div>\n\t\t\t\t<\/div>\n\t\t\t\t<\/div>\n\t\t\t\t<div class=\"elementor-element elementor-element-c4dc9df elementor-widget elementor-widget-text-editor\" data-id=\"c4dc9df\" data-element_type=\"widget\" data-e-type=\"widget\" data-widget_type=\"text-editor.default\">\n\t\t\t\t<div class=\"elementor-widget-container\">\n\t\t\t\t\t\t\t\t\t<p>Restaurant #Namenlos | Viersen<\/p>\t\t\t\t\t\t\t\t<\/div>\n\t\t\t\t<\/div>\n\t\t\t\t<div class=\"elementor-element elementor-element-a06bcb6 elementor-widget elementor-widget-spacer\" data-id=\"a06bcb6\" data-element_type=\"widget\" data-e-type=\"widget\" data-widget_type=\"spacer.default\">\n\t\t\t\t<div class=\"elementor-widget-container\">\n\t\t\t\t\t\t\t<div class=\"elementor-spacer\">\n\t\t\t<div class=\"elementor-spacer-inner\"><\/div>\n\t\t<\/div>\n\t\t\t\t\t\t<\/div>\n\t\t\t\t<\/div>\n\t\t\t\t\t<\/div>\n\t\t\t\t<\/div>\n\t\t<div class=\"elementor-element elementor-element-4f974d2 e-flex e-con-boxed e-con e-parent\" data-id=\"4f974d2\" data-element_type=\"container\" data-e-type=\"container\">\n\t\t\t\t\t<div class=\"e-con-inner\">\n\t\t<div class=\"elementor-element elementor-element-f97484c e-con-full e-flex e-con e-child\" data-id=\"f97484c\" data-element_type=\"container\" data-e-type=\"container\">\n\t\t\t\t<div class=\"elementor-element elementor-element-bf2aa3e elementor-widget elementor-widget-heading\" data-id=\"bf2aa3e\" data-element_type=\"widget\" data-e-type=\"widget\" data-widget_type=\"heading.default\">\n\t\t\t\t<div class=\"elementor-widget-container\">\n\t\t\t\t\t<h2 class=\"elementor-heading-title elementor-size-default\">Deine Aufgaben<\/h2>\t\t\t\t<\/div>\n\t\t\t\t<\/div>\n\t\t\t\t<div class=\"elementor-element elementor-element-411a17b elementor-widget elementor-widget-text-editor\" data-id=\"411a17b\" data-element_type=\"widget\" data-e-type=\"widget\" data-widget_type=\"text-editor.default\">\n\t\t\t\t<div class=\"elementor-widget-container\">\n\t\t\t\t\t\t\t\t\t<ul>\n<li data-start=\"567\" data-end=\"622\"><p data-start=\"569\" data-end=\"622\">Zubereitung frischer Speisen im \u00e0 la carte Gesch\u00e4ft<\/p>\n<\/li>\n<li data-start=\"623\" data-end=\"685\">\n<p data-start=\"625\" data-end=\"685\">Mitwirkung bei Events, Caterings und Sonderveranstaltungen<\/p>\n<\/li>\n<li data-start=\"686\" data-end=\"736\">\n<p data-start=\"688\" data-end=\"736\">Einhaltung von Hygiene- und Qualit\u00e4tsstandards<\/p>\n<\/li>\n<li data-start=\"737\" data-end=\"808\">\n<p data-start=\"739\" data-end=\"808\">Zusammenarbeit im Team und Unterst\u00fctzung bei der K\u00fcchenorganisation<\/p><\/li>\n<\/ul>\t\t\t\t\t\t\t\t<\/div>\n\t\t\t\t<\/div>\n\t\t\t\t<\/div>\n\t\t<div class=\"elementor-element elementor-element-915a624 e-con-full e-flex e-con e-child\" data-id=\"915a624\" data-element_type=\"container\" data-e-type=\"container\" data-settings=\"{&quot;background_background&quot;:&quot;classic&quot;}\">\n\t\t\t\t<\/div>\n\t\t\t\t\t<\/div>\n\t\t\t\t<\/div>\n\t\t<div class=\"elementor-element elementor-element-f35083d e-flex e-con-boxed e-con e-parent\" data-id=\"f35083d\" data-element_type=\"container\" data-e-type=\"container\">\n\t\t\t\t\t<div class=\"e-con-inner\">\n\t\t\t\t<div class=\"elementor-element elementor-element-7c34bb1 elementor-widget elementor-widget-spacer\" data-id=\"7c34bb1\" data-element_type=\"widget\" data-e-type=\"widget\" data-widget_type=\"spacer.default\">\n\t\t\t\t<div class=\"elementor-widget-container\">\n\t\t\t\t\t\t\t<div class=\"elementor-spacer\">\n\t\t\t<div class=\"elementor-spacer-inner\"><\/div>\n\t\t<\/div>\n\t\t\t\t\t\t<\/div>\n\t\t\t\t<\/div>\n\t\t\t\t\t<\/div>\n\t\t\t\t<\/div>\n\t\t<div class=\"elementor-element elementor-element-bfc68c5 e-flex e-con-boxed e-con e-parent\" data-id=\"bfc68c5\" data-element_type=\"container\" data-e-type=\"container\">\n\t\t\t\t\t<div class=\"e-con-inner\">\n\t\t<div class=\"elementor-element elementor-element-da0b89c e-con-full e-flex e-con e-child\" data-id=\"da0b89c\" data-element_type=\"container\" data-e-type=\"container\" data-settings=\"{&quot;background_background&quot;:&quot;classic&quot;}\">\n\t\t\t\t<\/div>\n\t\t<div class=\"elementor-element elementor-element-7cfb506 e-con-full e-flex e-con e-child\" data-id=\"7cfb506\" data-element_type=\"container\" data-e-type=\"container\">\n\t\t\t\t<div class=\"elementor-element elementor-element-abbf7f1 elementor-widget elementor-widget-heading\" data-id=\"abbf7f1\" data-element_type=\"widget\" data-e-type=\"widget\" data-widget_type=\"heading.default\">\n\t\t\t\t<div class=\"elementor-widget-container\">\n\t\t\t\t\t<h2 class=\"elementor-heading-title elementor-size-default\">Dein Profil<\/h2>\t\t\t\t<\/div>\n\t\t\t\t<\/div>\n\t\t\t\t<div class=\"elementor-element elementor-element-7398953 elementor-widget elementor-widget-text-editor\" data-id=\"7398953\" data-element_type=\"widget\" data-e-type=\"widget\" data-widget_type=\"text-editor.default\">\n\t\t\t\t<div class=\"elementor-widget-container\">\n\t\t\t\t\t\t\t\t\t<ul><li data-start=\"833\" data-end=\"915\"><p data-start=\"835\" data-end=\"915\">Abgeschlossene Ausbildung als Koch \/ K\u00f6chin oder entsprechende Berufserfahrung<\/p><\/li><li data-start=\"916\" data-end=\"981\"><p data-start=\"918\" data-end=\"981\">Freude am Kochen und an der Arbeit mit frischen Lebensmitteln<\/p><\/li><li data-start=\"982\" data-end=\"1034\"><p data-start=\"984\" data-end=\"1034\">Teamf\u00e4higkeit, Zuverl\u00e4ssigkeit und Belastbarkeit<\/p><\/li><li data-start=\"1035\" data-end=\"1088\"><p data-start=\"1037\" data-end=\"1088\">Flexibilit\u00e4t f\u00fcr unterschiedliche Einsatzbereiche<\/p><\/li><\/ul>\t\t\t\t\t\t\t\t<\/div>\n\t\t\t\t<\/div>\n\t\t\t\t<\/div>\n\t\t\t\t\t<\/div>\n\t\t\t\t<\/div>\n\t\t<div class=\"elementor-element elementor-element-0b5bf06 e-flex e-con-boxed e-con e-parent\" data-id=\"0b5bf06\" data-element_type=\"container\" data-e-type=\"container\">\n\t\t\t\t\t<div class=\"e-con-inner\">\n\t\t\t\t<div class=\"elementor-element elementor-element-435a2ce elementor-widget elementor-widget-spacer\" data-id=\"435a2ce\" data-element_type=\"widget\" data-e-type=\"widget\" data-widget_type=\"spacer.default\">\n\t\t\t\t<div class=\"elementor-widget-container\">\n\t\t\t\t\t\t\t<div class=\"elementor-spacer\">\n\t\t\t<div class=\"elementor-spacer-inner\"><\/div>\n\t\t<\/div>\n\t\t\t\t\t\t<\/div>\n\t\t\t\t<\/div>\n\t\t\t\t\t<\/div>\n\t\t\t\t<\/div>\n\t\t<div class=\"elementor-element elementor-element-c8bb2b4 e-flex e-con-boxed e-con e-parent\" data-id=\"c8bb2b4\" data-element_type=\"container\" data-e-type=\"container\">\n\t\t\t\t\t<div class=\"e-con-inner\">\n\t\t<div class=\"elementor-element elementor-element-7cf5dd7 e-con-full e-flex e-con e-child\" data-id=\"7cf5dd7\" data-element_type=\"container\" data-e-type=\"container\">\n\t\t\t\t<div class=\"elementor-element elementor-element-0a73f36 elementor-widget elementor-widget-heading\" data-id=\"0a73f36\" data-element_type=\"widget\" data-e-type=\"widget\" data-widget_type=\"heading.default\">\n\t\t\t\t<div class=\"elementor-widget-container\">\n\t\t\t\t\t<h2 class=\"elementor-heading-title elementor-size-default\">Wir bieten<\/h2>\t\t\t\t<\/div>\n\t\t\t\t<\/div>\n\t\t\t\t<div class=\"elementor-element elementor-element-bba3e59 elementor-widget elementor-widget-text-editor\" data-id=\"bba3e59\" data-element_type=\"widget\" data-e-type=\"widget\" data-widget_type=\"text-editor.default\">\n\t\t\t\t<div class=\"elementor-widget-container\">\n\t\t\t\t\t\t\t\t\t<ul><li data-start=\"567\" data-end=\"622\"><p data-start=\"569\" data-end=\"622\"><span data-start=\"176\" data-end=\"204\">Sonn- und Feiertage frei<\/span><\/p><\/li><li data-start=\"207\" data-end=\"308\"><p data-start=\"209\" data-end=\"308\">Einen <span data-start=\"215\" data-end=\"251\">abwechslungsreichen Arbeitsplatz<\/span> mit \u00e0 la carte, Events, Catering und mehr<\/p><\/li><li data-start=\"309\" data-end=\"380\"><p data-start=\"311\" data-end=\"380\"><span data-start=\"311\" data-end=\"333\">Einkaufsgutscheine<\/span> sowie ein <span data-start=\"344\" data-end=\"378\">neues Handy nach der Probezeit<\/span><\/p><\/li><li data-start=\"381\" data-end=\"461\"><p data-start=\"383\" data-end=\"461\">Raum f\u00fcr <span data-start=\"473\" data-end=\"489\">eigene Ideen<\/span> und Mitgestaltung<\/p><\/li><\/ul>\t\t\t\t\t\t\t\t<\/div>\n\t\t\t\t<\/div>\n\t\t\t\t<\/div>\n\t\t<div class=\"elementor-element elementor-element-27dd12e e-con-full e-flex e-con e-child\" data-id=\"27dd12e\" data-element_type=\"container\" data-e-type=\"container\" data-settings=\"{&quot;background_background&quot;:&quot;classic&quot;}\">\n\t\t\t\t<\/div>\n\t\t\t\t\t<\/div>\n\t\t\t\t<\/div>\n\t\t<div class=\"elementor-element elementor-element-c9ceca9 e-flex e-con-boxed e-con e-parent\" data-id=\"c9ceca9\" data-element_type=\"container\" data-e-type=\"container\">\n\t\t\t\t\t<div class=\"e-con-inner\">\n\t\t\t\t<div class=\"elementor-element elementor-element-21cd8e1 elementor-widget elementor-widget-spacer\" data-id=\"21cd8e1\" data-element_type=\"widget\" data-e-type=\"widget\" data-widget_type=\"spacer.default\">\n\t\t\t\t<div class=\"elementor-widget-container\">\n\t\t\t\t\t\t\t<div class=\"elementor-spacer\">\n\t\t\t<div class=\"elementor-spacer-inner\"><\/div>\n\t\t<\/div>\n\t\t\t\t\t\t<\/div>\n\t\t\t\t<\/div>\n\t\t\t\t\t<\/div>\n\t\t\t\t<\/div>\n\t\t\t\t<\/div>\n\t\t","protected":false},"excerpt":{"rendered":"<p>Koch\/ K\u00f6chin (m\/w\/d) Restaurant #Namenlos | Viersen Deine Aufgaben Zubereitung frischer Speisen im \u00e0 la carte Gesch\u00e4ft Mitwirkung bei Events, Caterings und Sonderveranstaltungen Einhaltung von Hygiene- und Qualit\u00e4tsstandards Zusammenarbeit im Team und Unterst\u00fctzung bei der K\u00fcchenorganisation Dein Profil Abgeschlossene Ausbildung als Koch \/ K\u00f6chin oder entsprechende Berufserfahrung Freude am Kochen und an der Arbeit mit&hellip; <a class=\"more-link\" href=\"https:\/\/guerilla-kueche.de\/?page_id=2180\"><span class=\"screen-reader-text\">Koch\/ K\u00f6chin<\/span> weiterlesen<\/a><\/p>\n","protected":false},"author":3,"featured_media":0,"parent":0,"menu_order":0,"comment_status":"closed","ping_status":"closed","template":"","meta":{"footnotes":""},"class_list":["post-2180","page","type-page","status-publish","hentry","entry"],"jetpack_sharing_enabled":true,"_links":{"self":[{"href":"https:\/\/guerilla-kueche.de\/index.php?rest_route=\/wp\/v2\/pages\/2180","targetHints":{"allow":["GET"]}}],"collection":[{"href":"https:\/\/guerilla-kueche.de\/index.php?rest_route=\/wp\/v2\/pages"}],"about":[{"href":"https:\/\/guerilla-kueche.de\/index.php?rest_route=\/wp\/v2\/types\/page"}],"author":[{"embeddable":true,"href":"https:\/\/guerilla-kueche.de\/index.php?rest_route=\/wp\/v2\/users\/3"}],"replies":[{"embeddable":true,"href":"https:\/\/guerilla-kueche.de\/index.php?rest_route=%2Fwp%2Fv2%2Fcomments&post=2180"}],"version-history":[{"count":3,"href":"https:\/\/guerilla-kueche.de\/index.php?rest_route=\/wp\/v2\/pages\/2180\/revisions"}],"predecessor-version":[{"id":2316,"href":"https:\/\/guerilla-kueche.de\/index.php?rest_route=\/wp\/v2\/pages\/2180\/revisions\/2316"}],"wp:attachment":[{"href":"https:\/\/guerilla-kueche.de\/index.php?rest_route=%2Fwp%2Fv2%2Fmedia&parent=2180"}],"curies":[{"name":"wp","href":"https:\/\/api.w.org\/{rel}","templated":true}]}}