{"id":2200,"date":"2026-02-05T08:48:56","date_gmt":"2026-02-05T08:48:56","guid":{"rendered":"https:\/\/guerilla-kueche.de\/?page_id=2200"},"modified":"2026-02-19T15:49:03","modified_gmt":"2026-02-19T15:49:03","slug":"servicekraft","status":"publish","type":"page","link":"https:\/\/guerilla-kueche.de\/?page_id=2200","title":{"rendered":"Servicekraft"},"content":{"rendered":"\t\t<div data-elementor-type=\"wp-page\" data-elementor-id=\"2200\" class=\"elementor elementor-2200\" data-elementor-post-type=\"page\">\n\t\t\t\t<div class=\"elementor-element elementor-element-019841a e-flex e-con-boxed e-con e-parent\" data-id=\"019841a\" data-element_type=\"container\" data-e-type=\"container\">\n\t\t\t\t\t<div class=\"e-con-inner\">\n\t\t\t\t<div class=\"elementor-element elementor-element-6b06d66 elementor-widget elementor-widget-spacer\" data-id=\"6b06d66\" data-element_type=\"widget\" data-e-type=\"widget\" data-widget_type=\"spacer.default\">\n\t\t\t\t<div class=\"elementor-widget-container\">\n\t\t\t\t\t\t\t<div class=\"elementor-spacer\">\n\t\t\t<div class=\"elementor-spacer-inner\"><\/div>\n\t\t<\/div>\n\t\t\t\t\t\t<\/div>\n\t\t\t\t<\/div>\n\t\t\t\t\t<\/div>\n\t\t\t\t<\/div>\n\t\t<div class=\"elementor-element elementor-element-cae6c0e e-flex e-con-boxed e-con e-parent\" data-id=\"cae6c0e\" data-element_type=\"container\" data-e-type=\"container\">\n\t\t\t\t\t<div class=\"e-con-inner\">\n\t\t\t\t<div class=\"elementor-element elementor-element-442290a elementor-hidden-mobile elementor-widget elementor-widget-html\" data-id=\"442290a\" data-element_type=\"widget\" data-e-type=\"widget\" data-widget_type=\"html.default\">\n\t\t\t\t<div class=\"elementor-widget-container\">\n\t\t\t\t\t<div style=\"font-size: 75px; line-height: 0.8; color: #ffffff; font-family: Abril Fatface; text-align: center; opacity: 0; animation: fadeIn 0.8s ease-out forwards;\">\n\n  <span style=\"position: relative; display: inline-block; white-space: nowrap;\">\n    <!-- NUR dieser Teil wird \"unterstrichen\" -->\n    <span style=\"position: relative; z-index: 2;\">Servicekraft<\/span>\n\n    <svg style=\"position: absolute; bottom: -15px; left: -10%; width: 115%; height: 20px; z-index: 0; pointer-events: none;\" viewBox=\"0 0 200 30\" preserveAspectRatio=\"none\">\n      <defs>\n        <filter id=\"brushTextureAnna\">\n          <feTurbulence type=\"fractalNoise\" baseFrequency=\"3\" numOctaves=\"4\" seed=\"5\"\/>\n          <feDisplacementMap in=\"SourceGraphic\" scale=\"2\"\/>\n        <\/filter>\n      <\/defs>\n      <style>\n        @keyframes fadeIn { to { opacity: 1; } }\n        .zigzag-stroke-anna {\n          stroke-dasharray: 650;\n          stroke-dashoffset: 650;\n          animation: drawZigzagAnna 0.35s ease-out 1.2s forwards;\n        }\n        @keyframes drawZigzagAnna { to { stroke-dashoffset: 0; } }\n      <\/style>\n      <path class=\"zigzag-stroke-anna\"\n            d=\"M 0,6 Q 50,5 100,6 T 195,8 Q 140,14 90,15 T 40,20 Q 90,23 140,24 T 195,26\"\n            fill=\"none\"\n            stroke=\"#ce1824\"\n            stroke-width=\"7\"\n            stroke-linecap=\"round\"\n            opacity=\"0.95\"\n            filter=\"url(#brushTextureAnna)\"\/>\n    <\/svg>\n  <\/span>\n  <span style=\"text-decoration: none;\"> (m\/w\/d)<\/span>\n<\/div>\n\t\t\t\t<\/div>\n\t\t\t\t<\/div>\n\t\t\t\t\t<\/div>\n\t\t\t\t<\/div>\n\t\t<div class=\"elementor-element elementor-element-d1dee90 e-flex e-con-boxed e-con e-parent\" data-id=\"d1dee90\" data-element_type=\"container\" data-e-type=\"container\">\n\t\t\t\t\t<div class=\"e-con-inner\">\n\t\t<div class=\"elementor-element elementor-element-6a34fe7 e-con-full e-flex e-con e-child\" data-id=\"6a34fe7\" data-element_type=\"container\" data-e-type=\"container\">\n\t\t\t\t<div class=\"elementor-element elementor-element-09a108e elementor-widget elementor-widget-text-editor\" data-id=\"09a108e\" data-element_type=\"widget\" data-e-type=\"widget\" data-widget_type=\"text-editor.default\">\n\t\t\t\t<div class=\"elementor-widget-container\">\n\t\t\t\t\t\t\t\t\t<p>Restaurant #Namenlos | Viersen<\/p>\t\t\t\t\t\t\t\t<\/div>\n\t\t\t\t<\/div>\n\t\t\t\t<\/div>\n\t\t<div class=\"elementor-element elementor-element-e9c8491 e-con-full e-flex e-con e-child\" data-id=\"e9c8491\" data-element_type=\"container\" data-e-type=\"container\">\n\t\t\t\t<div class=\"elementor-element elementor-element-7cf5598 elementor-widget elementor-widget-text-editor\" data-id=\"7cf5598\" data-element_type=\"widget\" data-e-type=\"widget\" data-widget_type=\"text-editor.default\">\n\t\t\t\t<div class=\"elementor-widget-container\">\n\t\t\t\t\t\t\t\t\t<p>Caf\u00e9 Tante Anna | S\u00fcchteln<\/p>\t\t\t\t\t\t\t\t<\/div>\n\t\t\t\t<\/div>\n\t\t\t\t<\/div>\n\t\t\t\t\t<\/div>\n\t\t\t\t<\/div>\n\t\t<div class=\"elementor-element elementor-element-6796b71 e-flex e-con-boxed e-con e-parent\" data-id=\"6796b71\" data-element_type=\"container\" data-e-type=\"container\">\n\t\t\t\t\t<div class=\"e-con-inner\">\n\t\t\t\t<div class=\"elementor-element elementor-element-ff44f2c elementor-widget elementor-widget-spacer\" data-id=\"ff44f2c\" data-element_type=\"widget\" data-e-type=\"widget\" data-widget_type=\"spacer.default\">\n\t\t\t\t<div class=\"elementor-widget-container\">\n\t\t\t\t\t\t\t<div class=\"elementor-spacer\">\n\t\t\t<div class=\"elementor-spacer-inner\"><\/div>\n\t\t<\/div>\n\t\t\t\t\t\t<\/div>\n\t\t\t\t<\/div>\n\t\t\t\t\t<\/div>\n\t\t\t\t<\/div>\n\t\t<div class=\"elementor-element elementor-element-df7645d e-flex e-con-boxed e-con e-parent\" data-id=\"df7645d\" data-element_type=\"container\" data-e-type=\"container\">\n\t\t\t\t\t<div class=\"e-con-inner\">\n\t\t<div class=\"elementor-element elementor-element-65c21f5 e-con-full e-flex e-con e-child\" data-id=\"65c21f5\" data-element_type=\"container\" data-e-type=\"container\">\n\t\t\t\t<div class=\"elementor-element elementor-element-98fb982 elementor-widget elementor-widget-heading\" data-id=\"98fb982\" data-element_type=\"widget\" data-e-type=\"widget\" data-widget_type=\"heading.default\">\n\t\t\t\t<div class=\"elementor-widget-container\">\n\t\t\t\t\t<h2 class=\"elementor-heading-title elementor-size-default\">Deine Aufgaben<\/h2>\t\t\t\t<\/div>\n\t\t\t\t<\/div>\n\t\t\t\t<div class=\"elementor-element elementor-element-1960941 elementor-widget elementor-widget-text-editor\" data-id=\"1960941\" data-element_type=\"widget\" data-e-type=\"widget\" data-widget_type=\"text-editor.default\">\n\t\t\t\t<div class=\"elementor-widget-container\">\n\t\t\t\t\t\t\t\t\t<ul data-start=\"738\" data-end=\"1044\"><li data-start=\"738\" data-end=\"790\"><p data-start=\"740\" data-end=\"790\">Freundlicher Service und Betreuung unserer G\u00e4ste<\/p><\/li><li data-start=\"791\" data-end=\"830\"><p data-start=\"793\" data-end=\"830\">Servieren von Speisen und Getr\u00e4nken<\/p><\/li><li data-start=\"831\" data-end=\"885\"><p data-start=\"833\" data-end=\"885\">Vorbereitung und Nachbereitung des Servicebereichs<\/p><\/li><li data-start=\"886\" data-end=\"956\"><p data-start=\"888\" data-end=\"956\">Mitarbeit bei Veranstaltungen und besonderen Events<\/p><\/li><li data-start=\"957\" data-end=\"1044\"><p data-start=\"959\" data-end=\"1044\">Im Caf\u00e9 Tante Anna zus\u00e4tzlich: Unterst\u00fctzung bei der Zubereitung einfacher Gerichte<\/p><\/li><\/ul>\t\t\t\t\t\t\t\t<\/div>\n\t\t\t\t<\/div>\n\t\t\t\t<\/div>\n\t\t<div class=\"elementor-element elementor-element-0504cd5 e-con-full e-flex e-con e-child\" data-id=\"0504cd5\" data-element_type=\"container\" data-e-type=\"container\" data-settings=\"{&quot;background_background&quot;:&quot;classic&quot;}\">\n\t\t\t\t<\/div>\n\t\t\t\t\t<\/div>\n\t\t\t\t<\/div>\n\t\t<div class=\"elementor-element elementor-element-7ff2e35 e-flex e-con-boxed e-con e-parent\" data-id=\"7ff2e35\" data-element_type=\"container\" data-e-type=\"container\">\n\t\t\t\t\t<div class=\"e-con-inner\">\n\t\t\t\t<div class=\"elementor-element elementor-element-9a54495 elementor-widget elementor-widget-spacer\" data-id=\"9a54495\" data-element_type=\"widget\" data-e-type=\"widget\" data-widget_type=\"spacer.default\">\n\t\t\t\t<div class=\"elementor-widget-container\">\n\t\t\t\t\t\t\t<div class=\"elementor-spacer\">\n\t\t\t<div class=\"elementor-spacer-inner\"><\/div>\n\t\t<\/div>\n\t\t\t\t\t\t<\/div>\n\t\t\t\t<\/div>\n\t\t\t\t\t<\/div>\n\t\t\t\t<\/div>\n\t\t<div class=\"elementor-element elementor-element-bd8e42a e-flex e-con-boxed e-con e-parent\" data-id=\"bd8e42a\" data-element_type=\"container\" data-e-type=\"container\">\n\t\t\t\t\t<div class=\"e-con-inner\">\n\t\t<div class=\"elementor-element elementor-element-c82cbea e-con-full e-flex e-con e-child\" data-id=\"c82cbea\" data-element_type=\"container\" data-e-type=\"container\" data-settings=\"{&quot;background_background&quot;:&quot;classic&quot;}\">\n\t\t\t\t<\/div>\n\t\t<div class=\"elementor-element elementor-element-534a003 e-con-full e-flex e-con e-child\" data-id=\"534a003\" data-element_type=\"container\" data-e-type=\"container\">\n\t\t\t\t<div class=\"elementor-element elementor-element-9844ce7 elementor-widget elementor-widget-heading\" data-id=\"9844ce7\" data-element_type=\"widget\" data-e-type=\"widget\" data-widget_type=\"heading.default\">\n\t\t\t\t<div class=\"elementor-widget-container\">\n\t\t\t\t\t<h2 class=\"elementor-heading-title elementor-size-default\">Dein Profil<\/h2>\t\t\t\t<\/div>\n\t\t\t\t<\/div>\n\t\t\t\t<div class=\"elementor-element elementor-element-4bbb040 elementor-widget elementor-widget-text-editor\" data-id=\"4bbb040\" data-element_type=\"widget\" data-e-type=\"widget\" data-widget_type=\"text-editor.default\">\n\t\t\t\t<div class=\"elementor-widget-container\">\n\t\t\t\t\t\t\t\t\t<ul><li data-start=\"1069\" data-end=\"1116\"><p data-start=\"1071\" data-end=\"1116\">Freude am Service und dem Kontakt mit G\u00e4sten<\/p><\/li><li data-start=\"1117\" data-end=\"1175\"><p data-start=\"1119\" data-end=\"1175\">Teamf\u00e4higkeit, Zuverl\u00e4ssigkeit und Einsatzbereitschaft<\/p><\/li><li data-start=\"1176\" data-end=\"1234\"><p data-start=\"1178\" data-end=\"1234\">Ein gepflegtes Auftreten und freundliche Kommunikation<\/p><\/li><li data-start=\"1235\" data-end=\"1291\"><p data-start=\"1237\" data-end=\"1291\">Erfahrung im Service ist von Vorteil, aber kein Muss &#8211; bei uns sind auch Quereinsteiger willkommen!<\/p><\/li><\/ul>\t\t\t\t\t\t\t\t<\/div>\n\t\t\t\t<\/div>\n\t\t\t\t<\/div>\n\t\t\t\t\t<\/div>\n\t\t\t\t<\/div>\n\t\t<div class=\"elementor-element elementor-element-73abf9f e-flex e-con-boxed e-con e-parent\" data-id=\"73abf9f\" data-element_type=\"container\" data-e-type=\"container\">\n\t\t\t\t\t<div class=\"e-con-inner\">\n\t\t\t\t<div class=\"elementor-element elementor-element-2d8df5c elementor-widget elementor-widget-spacer\" data-id=\"2d8df5c\" data-element_type=\"widget\" data-e-type=\"widget\" data-widget_type=\"spacer.default\">\n\t\t\t\t<div class=\"elementor-widget-container\">\n\t\t\t\t\t\t\t<div class=\"elementor-spacer\">\n\t\t\t<div class=\"elementor-spacer-inner\"><\/div>\n\t\t<\/div>\n\t\t\t\t\t\t<\/div>\n\t\t\t\t<\/div>\n\t\t\t\t\t<\/div>\n\t\t\t\t<\/div>\n\t\t<div class=\"elementor-element elementor-element-0fa0e1e e-flex e-con-boxed e-con e-parent\" data-id=\"0fa0e1e\" data-element_type=\"container\" data-e-type=\"container\">\n\t\t\t\t\t<div class=\"e-con-inner\">\n\t\t<div class=\"elementor-element elementor-element-b87c8e0 e-con-full e-flex e-con e-child\" data-id=\"b87c8e0\" data-element_type=\"container\" data-e-type=\"container\">\n\t\t\t\t<div class=\"elementor-element elementor-element-e7198a8 elementor-widget elementor-widget-heading\" data-id=\"e7198a8\" data-element_type=\"widget\" data-e-type=\"widget\" data-widget_type=\"heading.default\">\n\t\t\t\t<div class=\"elementor-widget-container\">\n\t\t\t\t\t<h2 class=\"elementor-heading-title elementor-size-default\">Wir bieten<\/h2>\t\t\t\t<\/div>\n\t\t\t\t<\/div>\n\t\t\t\t<div class=\"elementor-element elementor-element-b29c251 elementor-widget elementor-widget-text-editor\" data-id=\"b29c251\" data-element_type=\"widget\" data-e-type=\"widget\" data-widget_type=\"text-editor.default\">\n\t\t\t\t<div class=\"elementor-widget-container\">\n\t\t\t\t\t\t\t\t\t<ul><li data-start=\"567\" data-end=\"622\"><p data-start=\"569\" data-end=\"622\"><span data-start=\"176\" data-end=\"204\">Sonn- und Feiertage frei (Im Tante Anna nur Feiertage frei)<\/span><\/p><\/li><li data-start=\"207\" data-end=\"308\"><p data-start=\"209\" data-end=\"308\">Einen <span data-start=\"215\" data-end=\"251\">abwechslungsreichen Arbeitsplatz<\/span> mit \u00e0 la carte, Events und mehr<\/p><\/li><li data-start=\"309\" data-end=\"380\"><p data-start=\"311\" data-end=\"380\"><span data-start=\"311\" data-end=\"333\">Einkaufsgutscheine<\/span> sowie ein <span data-start=\"344\" data-end=\"378\">neues Handy nach der Probezeit<\/span><\/p><\/li><li data-start=\"1543\" data-end=\"1589\"><p data-start=\"1545\" data-end=\"1589\">Ein wertsch\u00e4tzendes Team und klare Abl\u00e4ufe<\/p><\/li><\/ul>\t\t\t\t\t\t\t\t<\/div>\n\t\t\t\t<\/div>\n\t\t\t\t<\/div>\n\t\t<div class=\"elementor-element elementor-element-efcae24 e-con-full e-flex e-con e-child\" data-id=\"efcae24\" data-element_type=\"container\" data-e-type=\"container\" data-settings=\"{&quot;background_background&quot;:&quot;classic&quot;}\">\n\t\t\t\t<\/div>\n\t\t\t\t\t<\/div>\n\t\t\t\t<\/div>\n\t\t<div class=\"elementor-element elementor-element-4352ebf e-flex e-con-boxed e-con e-parent\" data-id=\"4352ebf\" data-element_type=\"container\" data-e-type=\"container\">\n\t\t\t\t\t<div class=\"e-con-inner\">\n\t\t\t\t<div class=\"elementor-element elementor-element-af6bfc4 elementor-widget elementor-widget-spacer\" data-id=\"af6bfc4\" data-element_type=\"widget\" data-e-type=\"widget\" data-widget_type=\"spacer.default\">\n\t\t\t\t<div class=\"elementor-widget-container\">\n\t\t\t\t\t\t\t<div class=\"elementor-spacer\">\n\t\t\t<div class=\"elementor-spacer-inner\"><\/div>\n\t\t<\/div>\n\t\t\t\t\t\t<\/div>\n\t\t\t\t<\/div>\n\t\t\t\t\t<\/div>\n\t\t\t\t<\/div>\n\t\t\t\t<\/div>\n\t\t","protected":false},"excerpt":{"rendered":"<p>Servicekraft (m\/w\/d) Restaurant #Namenlos | Viersen Caf\u00e9 Tante Anna | S\u00fcchteln Deine Aufgaben Freundlicher Service und Betreuung unserer G\u00e4ste Servieren von Speisen und Getr\u00e4nken Vorbereitung und Nachbereitung des Servicebereichs Mitarbeit bei Veranstaltungen und besonderen Events Im Caf\u00e9 Tante Anna zus\u00e4tzlich: Unterst\u00fctzung bei der Zubereitung einfacher Gerichte Dein Profil Freude am Service und dem Kontakt mit&hellip; <a class=\"more-link\" href=\"https:\/\/guerilla-kueche.de\/?page_id=2200\"><span class=\"screen-reader-text\">Servicekraft<\/span> weiterlesen<\/a><\/p>\n","protected":false},"author":3,"featured_media":0,"parent":0,"menu_order":0,"comment_status":"closed","ping_status":"closed","template":"","meta":{"footnotes":""},"class_list":["post-2200","page","type-page","status-publish","hentry","entry"],"jetpack_sharing_enabled":true,"_links":{"self":[{"href":"https:\/\/guerilla-kueche.de\/index.php?rest_route=\/wp\/v2\/pages\/2200","targetHints":{"allow":["GET"]}}],"collection":[{"href":"https:\/\/guerilla-kueche.de\/index.php?rest_route=\/wp\/v2\/pages"}],"about":[{"href":"https:\/\/guerilla-kueche.de\/index.php?rest_route=\/wp\/v2\/types\/page"}],"author":[{"embeddable":true,"href":"https:\/\/guerilla-kueche.de\/index.php?rest_route=\/wp\/v2\/users\/3"}],"replies":[{"embeddable":true,"href":"https:\/\/guerilla-kueche.de\/index.php?rest_route=%2Fwp%2Fv2%2Fcomments&post=2200"}],"version-history":[{"count":0,"href":"https:\/\/guerilla-kueche.de\/index.php?rest_route=\/wp\/v2\/pages\/2200\/revisions"}],"wp:attachment":[{"href":"https:\/\/guerilla-kueche.de\/index.php?rest_route=%2Fwp%2Fv2%2Fmedia&parent=2200"}],"curies":[{"name":"wp","href":"https:\/\/api.w.org\/{rel}","templated":true}]}}